{"id":9357,"date":"2022-12-18T10:33:14","date_gmt":"2022-12-18T10:33:14","guid":{"rendered":"https:\/team\/"},"modified":"2026-01-27T18:45:50","modified_gmt":"2026-01-27T18:45:50","slug":"equipe","status":"publish","type":"page","link":"https:\/\/videolance.it\/fr\/equipe\/","title":{"rendered":"Equipe"},"content":{"rendered":"<!--themify_builder_content-->\n<div id=\"themify_builder_content-9357\" data-postid=\"9357\" class=\"themify_builder_content themify_builder_content-9357 themify_builder tf_clear\">\n                    <div  data-lazy=\"1\" class=\"module_row themify_builder_row tb_00jh318 tb_first tf_w hide-tablet hide-mobile\">\n                        <div class=\"row_inner col_align_top tb_col_count_1 tf_box tf_rel\">\n                        <div  data-lazy=\"1\" class=\"module_column tb-column col-full tb_mrf9318 first\">\n                    <!-- module text -->\n<div  class=\"module module-text tb_encx318    hide-tablet hide-mobile\" data-lazy=\"1\">\n        <div  class=\"tb_text_wrap\">\n        <h2 style=\"text-align: center;\">\u00c9QUIPE<\/h2>\n    <\/div>\n<\/div>\n<!-- \/module text -->        <\/div>\n                        <\/div>\n        <\/div>\n                        <div  data-lazy=\"1\" class=\"module_row themify_builder_row tb_zw5w523 tf_w hide-desktop hide-tablet_landscape\">\n                        <div class=\"row_inner col_align_top tb_col_count_1 tf_box tf_rel\">\n                        <div  data-lazy=\"1\" class=\"module_column tb-column col-full tb_vq4n523 first\">\n                    <!-- module text -->\n<div  class=\"module module-text tb_3u2r523    hide-desktop hide-tablet_landscape\" data-lazy=\"1\">\n        <div  class=\"tb_text_wrap\">\n        <p style=\"text-align: center;\">\u00c9QUIPE<\/p>\n    <\/div>\n<\/div>\n<!-- \/module text -->        <\/div>\n                        <\/div>\n        <\/div>\n                        <div  data-anchor=\"team\" data-css_id=\"xpdi28\" data-lazy=\"1\" class=\"module_row themify_builder_row fullwidth tb_has_section tb_section-team tb_xpdi28 tf_w hide-tablet hide-mobile\">\n                        <div class=\"row_inner col_align_top tb_col_count_1 tf_box tf_rel\">\n                        <div  data-lazy=\"1\" class=\"module_column tb-column col-full tb_9bae28 first\">\n                            <div  data-lazy=\"1\" class=\"module_subrow themify_builder_sub_row tf_w col_align_middle gutter-none tb_col_count_4 tb_727w28 hide-tablet hide-mobile\">\n                <div  data-lazy=\"1\" class=\"module_column sub_column col4-1 tb_od8e28 first\">\n                    <!-- module image pro -->\n<div  class=\"module module-pro-image tb_px6828 filter-none effect-none   tf_textc   entrance-effect-fadeIn\" data-lazy=\"1\" data-entrance-effect=\"fadeIn\" data-exit-effect=\"fadeOut\" >\n\t\n    <div class=\"image-pro-wrap tf_rel tf_overflow tf_inline_b\">\n\t\t\t\t<div class=\"image-pro-flip-box-wrap tf_rel tf_w tf_overflow\">\n\t\t\t<div class=\"image-pro-flip-box tf_rel\">\n\n\t\t\t\t<img loading=\"lazy\" decoding=\"async\" src=\"http:\/\/videolance.it\/wp-content\/uploads\/2020\/09\/RiccardoProfilo2.png\" width=\"1000\" height=\"1000\" title=\"Equipe\" alt=\"Equipe\">\n\t\t\t\t\t\t\t\t\t<div class=\"image-pro-overlay tf_hidden tf_abs\" style=\"background-image:url('http:\/\/videolance.it\/wp-content\/uploads\/2020\/09\/Riccardo-Lancialonga-Videolance.jpg')\">\n\n\t\t\t\t\t\t\n\t\t\t\t\t\t<div class=\"image-pro-overlay-inner\">\n\n\t\t\t\t\t\t\t\n\t\t\t\t\t\t\t\n\t\t\t\t\t\t\t\n\t\t\t\t\t\t<\/div>\n\t\t\t\t\t<\/div><!-- .image-pro-overlay -->\n\t\t\t\t\n\t\t\t<\/div>\n\t\t<\/div>\n\n    <\/div><!-- .image-pro-wrap -->\n\n\t\n\t\n\t<\/div><!-- \/module image pro -->        <\/div>\n                    <div  data-lazy=\"1\" class=\"module_column sub_column col4-1 tb_7e6v29\">\n                    <!-- module text -->\n<div  class=\"module module-text tb_c6ch29   \" data-lazy=\"1\">\n        <div  class=\"tb_text_wrap\">\n        <h2>Riccardo Lancialonga<\/h2>\n<h3><span style=\"color: #ffffff;\">R\u00e9alisateur &#8211; Monteur &#8211; Coloriste<\/span><\/h3>\n<p>Directeur artistique et fondateur de Videolance depuis 2011. Il dirige le d\u00e9partement de r\u00e9alisation et \u00e9clairage, et coordonne \u00e9galement les phases de post-production. Il est sp\u00e9cialis\u00e9 dans le montage et l&rsquo;\u00e9talonnage des couleurs pour le cin\u00e9ma et l\u2019audiovisuel.<\/p>\n    <\/div>\n<\/div>\n<!-- \/module text -->        <\/div>\n                    <div  data-lazy=\"1\" class=\"module_column sub_column col4-1 tb_9zf529\">\n                    <!-- module image pro -->\n<div  class=\"module module-pro-image tb_ssi829 filter-none effect-none fullwidth_image  tf_textc   entrance-effect-fadeIn\" data-lazy=\"1\" data-entrance-effect=\"fadeIn\" data-exit-effect=\"fadeOut\" >\n\t\n    <div class=\"image-pro-wrap tf_rel tf_overflow tf_inline_b\">\n\t\t\t\t<div class=\"image-pro-flip-box-wrap tf_rel tf_w tf_overflow\">\n\t\t\t<div class=\"image-pro-flip-box tf_rel\">\n\n\t\t\t\t<img loading=\"lazy\" decoding=\"async\" src=\"http:\/\/videolance.it\/wp-content\/uploads\/2020\/09\/Dario-Alesiani.jpg\" width=\"866\" height=\"866\" title=\"Equipe\" alt=\"Equipe\">\n\t\t\t\t\t\t\t\t\t<div class=\"image-pro-overlay tf_hidden tf_abs\" style=\"background-image:url('http:\/\/videolance.it\/wp-content\/uploads\/2020\/10\/DarioSito.jpg')\">\n\n\t\t\t\t\t\t\n\t\t\t\t\t\t<div class=\"image-pro-overlay-inner\">\n\n\t\t\t\t\t\t\t\n\t\t\t\t\t\t\t\n\t\t\t\t\t\t\t\n\t\t\t\t\t\t<\/div>\n\t\t\t\t\t<\/div><!-- .image-pro-overlay -->\n\t\t\t\t\n\t\t\t<\/div>\n\t\t<\/div>\n\n    <\/div><!-- .image-pro-wrap -->\n\n\t\n\t\n\t<\/div><!-- \/module image pro -->        <\/div>\n                    <div  data-lazy=\"1\" class=\"module_column sub_column col4-1 tb_igmb29 last\">\n                    <!-- module text -->\n<div  class=\"module module-text tb_wrgd29   \" data-lazy=\"1\">\n        <div  class=\"tb_text_wrap\">\n        <h2>Dario Alesiani<\/h2>\n<h3><span style=\"color: #ffffff;\">Chef de projet &#8211; Compositeur &#8211; Ing\u00e9nieur du son<\/span><\/h3>\n<p>Ing\u00e9nieur du son et musicien multi-instrumentiste fort de 15 ans d&rsquo;exp\u00e9rience dans le secteur audiovisuel pour le cin\u00e9ma, la radio et la t\u00e9l\u00e9vision. Il s\u2019occupe pour Videolance de la prise de son directe, de la post-production audio et du studio d&rsquo;enregistrement.<\/p>    <\/div>\n<\/div>\n<!-- \/module text -->        <\/div>\n                    <\/div>\n                <\/div>\n                        <\/div>\n        <\/div>\n                        <div  data-anchor=\"team\" data-css_id=\"ibdw848\" data-lazy=\"1\" class=\"module_row themify_builder_row fullwidth tb_has_section tb_section-team tb_ibdw848 tf_w\">\n                        <div class=\"row_inner col_align_top tb_col_count_1 tf_box tf_rel\">\n                        <div  data-lazy=\"1\" class=\"module_column tb-column col-full tb_phqs848 first\">\n                            <div  data-lazy=\"1\" class=\"module_subrow themify_builder_sub_row tf_w col_align_middle gutter-none tb_col_count_4 tb_tyxh848 hide-desktop hide-tablet_landscape\">\n                <div  data-lazy=\"1\" class=\"module_column sub_column col4-1 tb_42yk848 first\">\n                    <!-- module image pro -->\n<div  class=\"module module-pro-image tb_tzyk848 filter-none effect-none   tf_textc   entrance-effect-fadeIn hide-desktop hide-tablet_landscape\" data-lazy=\"1\" data-entrance-effect=\"fadeIn\" data-exit-effect=\"fadeOut\" >\n\t\n    <div class=\"image-pro-wrap tf_rel tf_overflow tf_inline_b\">\n\t\t\t\t<div class=\"image-pro-flip-box-wrap tf_rel tf_w tf_overflow\">\n\t\t\t<div class=\"image-pro-flip-box tf_rel\">\n\n\t\t\t\t<img loading=\"lazy\" decoding=\"async\" src=\"http:\/\/videolance.it\/wp-content\/uploads\/2020\/09\/RiccardoProfilo2.png\" width=\"1000\" height=\"1000\" title=\"Equipe\" alt=\"Equipe\">\n\t\t\t\t\t\t\t\t\t<div class=\"image-pro-overlay tf_hidden tf_abs\" style=\"background-image:url('http:\/\/videolance.it\/wp-content\/uploads\/2020\/09\/Riccardo-Lancialonga-Videolance.jpg')\">\n\n\t\t\t\t\t\t\n\t\t\t\t\t\t<div class=\"image-pro-overlay-inner\">\n\n\t\t\t\t\t\t\t\n\t\t\t\t\t\t\t\n\t\t\t\t\t\t\t\n\t\t\t\t\t\t<\/div>\n\t\t\t\t\t<\/div><!-- .image-pro-overlay -->\n\t\t\t\t\n\t\t\t<\/div>\n\t\t<\/div>\n\n    <\/div><!-- .image-pro-wrap -->\n\n\t\n\t\n\t<\/div><!-- \/module image pro -->        <\/div>\n                    <div  data-lazy=\"1\" class=\"module_column sub_column col4-1 tb_2znm848\">\n                    <!-- module text -->\n<div  class=\"module module-text tb_lkpd848    hide-desktop hide-tablet_landscape\" data-lazy=\"1\">\n        <div  class=\"tb_text_wrap\">\n        <h2>Riccardo Lancialonga<\/h2>\n<h3><span style=\"color: #ffffff;\">R\u00e9alisateur &#8211; Monteur &#8211; Coloriste<\/span><\/h3>\n<p>Directeur artistique et fondateur de Videolance depuis 2011. Il dirige le d\u00e9partement de r\u00e9alisation et \u00e9clairage, et coordonne \u00e9galement les phases de post-production. Il est sp\u00e9cialis\u00e9 dans le montage et l&rsquo;\u00e9talonnage des couleurs pour le cin\u00e9ma et l\u2019audiovisuel.<\/p>\n    <\/div>\n<\/div>\n<!-- \/module text -->        <\/div>\n                    <div  data-lazy=\"1\" class=\"module_column sub_column col4-1 tb_cjd9848\">\n                    <!-- module image pro -->\n<div  class=\"module module-pro-image tb_4u0q848 filter-none effect-none fullwidth_image  tf_textc   entrance-effect-fadeIn hide-desktop hide-tablet_landscape\" data-lazy=\"1\" data-entrance-effect=\"fadeIn\" data-exit-effect=\"fadeOut\" >\n\t\n    <div class=\"image-pro-wrap tf_rel tf_overflow tf_inline_b\">\n\t\t\t\t<div class=\"image-pro-flip-box-wrap tf_rel tf_w tf_overflow\">\n\t\t\t<div class=\"image-pro-flip-box tf_rel\">\n\n\t\t\t\t<img loading=\"lazy\" decoding=\"async\" src=\"http:\/\/videolance.it\/wp-content\/uploads\/2020\/09\/Dario-Alesiani.jpg\" width=\"866\" height=\"866\" title=\"Equipe\" alt=\"Equipe\">\n\t\t\t\t\t\t\t\t\t<div class=\"image-pro-overlay tf_hidden tf_abs\" style=\"background-image:url('http:\/\/videolance.it\/wp-content\/uploads\/2020\/10\/DarioSito.jpg')\">\n\n\t\t\t\t\t\t\n\t\t\t\t\t\t<div class=\"image-pro-overlay-inner\">\n\n\t\t\t\t\t\t\t\n\t\t\t\t\t\t\t\n\t\t\t\t\t\t\t\n\t\t\t\t\t\t<\/div>\n\t\t\t\t\t<\/div><!-- .image-pro-overlay -->\n\t\t\t\t\n\t\t\t<\/div>\n\t\t<\/div>\n\n    <\/div><!-- .image-pro-wrap -->\n\n\t\n\t\n\t<\/div><!-- \/module image pro -->        <\/div>\n                    <div  data-lazy=\"1\" class=\"module_column sub_column col4-1 tb_bp1t848 last\">\n                    <!-- module text -->\n<div  class=\"module module-text tb_ccm8848    hide-desktop hide-tablet_landscape\" data-lazy=\"1\">\n        <div  class=\"tb_text_wrap\">\n        <h2>Dario Alesiani<\/h2>\n<h3><span style=\"color: #ffffff;\">Chef de projet &#8211; Compositeur &#8211; Ing\u00e9nieur du son<\/span><\/h3>\n<p>Ing\u00e9nieur du son et musicien multi-instrumentiste fort de 15 ans d&rsquo;exp\u00e9rience dans le secteur audiovisuel pour le cin\u00e9ma, la radio et la t\u00e9l\u00e9vision. Il s\u2019occupe pour Videolance de la prise de son directe, de la post-production audio et du studio d&rsquo;enregistrement. <\/p>\n    <\/div>\n<\/div>\n<!-- \/module text -->        <\/div>\n                    <\/div>\n                <\/div>\n                        <\/div>\n        <\/div>\n                        <div  data-css_id=\"hinx319\" data-lazy=\"1\" class=\"module_row themify_builder_row fullwidth tb_hinx319 tf_w hide-tablet hide-mobile wow\" data-tf-animation=\"fadeIn\">\n                        <div class=\"row_inner col_align_top gutter-none tb_col_count_2 tf_box tf_rel\">\n                        <div  data-lazy=\"1\" class=\"module_column tb-column col4-2 tb_6eq1319 first\">\n                            <div  data-lazy=\"1\" class=\"module_subrow themify_builder_sub_row tf_w col_align_top gutter-none tb_col_count_4 tb_a9bi319\">\n                <div  data-lazy=\"1\" class=\"module_column sub_column col4-1 tb_e35b319 first\">\n                    <!-- module image -->\n<div  class=\"module module-image tb_iukl319 image-center circle  tf_mw\" data-lazy=\"1\">\n        <div class=\"image-wrap tf_rel tf_mw\">\n            <a href=\"https:\/\/videolance.it\/video-services\/?lang=fr#production\">\n                   <img loading=\"lazy\" decoding=\"async\" src=\"http:\/\/videolance.it\/wp-content\/uploads\/2020\/08\/1-ProduzioniVideo.png\" width=\"100\" height=\"100\" title=\"PRODUCTION VID\u00c9O\" alt=\"PRODUCTION VID\u00c9O\">        <\/a>\n    \n        <\/div>\n    <!-- \/image-wrap -->\n    \n        <div class=\"image-content\">\n                    <h3 class=\"image-title\">\n                                    <a href=\"https:\/\/videolance.it\/video-services\/?lang=fr#production\">\n                        PRODUCTION VID\u00c9O                    <\/a>\n                            <\/h3>\n                    <\/div>\n    <!-- \/image-content -->\n        <\/div>\n<!-- \/module image -->        <\/div>\n                    <div  data-lazy=\"1\" class=\"module_column sub_column col4-1 tb_k293319\">\n                    <!-- module image -->\n<div  class=\"module module-image tb_4ime319 image-center circle  tf_mw\" data-lazy=\"1\">\n        <div class=\"image-wrap tf_rel tf_mw\">\n            <a href=\"https:\/\/videolance.it\/video-services\/?lang=fr#post-production\">\n                   <img loading=\"lazy\" decoding=\"async\" src=\"http:\/\/videolance.it\/wp-content\/uploads\/2020\/08\/2-Post-Produzione.png\" width=\"100\" height=\"100\" title=\"POST-PRODUCTION\" alt=\"POST-PRODUCTION\">        <\/a>\n    \n        <\/div>\n    <!-- \/image-wrap -->\n    \n        <div class=\"image-content\">\n                    <h3 class=\"image-title\">\n                                    <a href=\"https:\/\/videolance.it\/video-services\/?lang=fr#post-production\">\n                        POST-PRODUCTION                    <\/a>\n                            <\/h3>\n                    <\/div>\n    <!-- \/image-content -->\n        <\/div>\n<!-- \/module image -->        <\/div>\n                    <div  data-lazy=\"1\" class=\"module_column sub_column col4-1 tb_29ne319\">\n                    <!-- module image -->\n<div  class=\"module module-image tb_2od5319 image-center circle  tf_mw\" data-lazy=\"1\">\n        <div class=\"image-wrap tf_rel tf_mw\">\n            <a href=\"https:\/\/videolance.it\/video-services\/?lang=fr#photographie\">\n                   <img loading=\"lazy\" decoding=\"async\" src=\"http:\/\/videolance.it\/wp-content\/uploads\/2020\/08\/3-fotografia.png\" width=\"100\" height=\"100\" title=\"PHOTOGRAPHIE\" alt=\"PHOTOGRAPHIE\">        <\/a>\n    \n        <\/div>\n    <!-- \/image-wrap -->\n    \n        <div class=\"image-content\">\n                    <h3 class=\"image-title\">\n                                    <a href=\"https:\/\/videolance.it\/video-services\/?lang=fr#photographie\">\n                        PHOTOGRAPHIE                    <\/a>\n                            <\/h3>\n                    <\/div>\n    <!-- \/image-content -->\n        <\/div>\n<!-- \/module image -->        <\/div>\n                    <div  data-lazy=\"1\" class=\"module_column sub_column col4-1 tb_oaqw319 last\">\n                    <!-- module image -->\n<div  class=\"module module-image tb_vwh2319 image-center circle  tf_mw\" data-lazy=\"1\">\n        <div class=\"image-wrap tf_rel tf_mw\">\n            <a href=\"https:\/\/videolance.it\/video-services\/?lang=fr#publicite\">\n                   <img loading=\"lazy\" decoding=\"async\" src=\"http:\/\/videolance.it\/wp-content\/uploads\/2020\/08\/4-pubblicita.png\" width=\"100\" height=\"100\" title=\"PUBLICIT\u00c9\" alt=\"PUBLICIT\u00c9\">        <\/a>\n    \n        <\/div>\n    <!-- \/image-wrap -->\n    \n        <div class=\"image-content\">\n                    <h3 class=\"image-title\">\n                                    <a href=\"https:\/\/videolance.it\/video-services\/?lang=fr#publicite\">\n                        PUBLICIT\u00c9                    <\/a>\n                            <\/h3>\n                    <\/div>\n    <!-- \/image-content -->\n        <\/div>\n<!-- \/module image -->        <\/div>\n                    <\/div>\n                <\/div>\n                    <div  data-lazy=\"1\" class=\"module_column tb-column col4-2 tb_v0yi319 last\">\n                            <div  data-lazy=\"1\" class=\"module_subrow themify_builder_sub_row tf_w col_align_top gutter-none tb_col_count_4 tb_u5mi319\">\n                <div  data-lazy=\"1\" class=\"module_column sub_column col4-1 tb_ab2o319 first\">\n                    <!-- module image -->\n<div  class=\"module module-image tb_mln8319 image-center circle  tf_mw\" data-lazy=\"1\">\n        <div class=\"image-wrap tf_rel tf_mw\">\n            <a href=\"https:\/\/videolance.it\/video-services\/?lang=fr#modelisation\">\n                   <img loading=\"lazy\" decoding=\"async\" src=\"http:\/\/videolance.it\/wp-content\/uploads\/2021\/03\/9-3d.png\" width=\"100\" height=\"100\" title=\"MOD\u00c9LISATION ET RENDU 3D\" alt=\"MOD\u00c9LISATION ET RENDU 3D\">        <\/a>\n    \n        <\/div>\n    <!-- \/image-wrap -->\n    \n        <div class=\"image-content\">\n                    <h3 class=\"image-title\">\n                                    <a href=\"https:\/\/videolance.it\/video-services\/?lang=fr#modelisation\">\n                        MOD\u00c9LISATION ET RENDU 3D                    <\/a>\n                            <\/h3>\n                    <\/div>\n    <!-- \/image-content -->\n        <\/div>\n<!-- \/module image -->        <\/div>\n                    <div  data-lazy=\"1\" class=\"module_column sub_column col4-1 tb_elj3319\">\n                    <!-- module image -->\n<div  class=\"module module-image tb_bbju319 image-center circle  tf_mw\" data-lazy=\"1\">\n        <div class=\"image-wrap tf_rel tf_mw\">\n            <a href=\"https:\/\/videolance.it\/video-services\/?lang=fr#son\">\n                   <img loading=\"lazy\" decoding=\"async\" src=\"http:\/\/videolance.it\/wp-content\/uploads\/2020\/08\/7-audio.png\" width=\"100\" height=\"100\" title=\"ING\u00c9NIERIE DU SON\" alt=\"ING\u00c9NIERIE DU SON\">        <\/a>\n    \n        <\/div>\n    <!-- \/image-wrap -->\n    \n        <div class=\"image-content\">\n                    <h3 class=\"image-title\">\n                                    <a href=\"https:\/\/videolance.it\/video-services\/?lang=fr#son\">\n                        ING\u00c9NIERIE DU SON                    <\/a>\n                            <\/h3>\n                    <\/div>\n    <!-- \/image-content -->\n        <\/div>\n<!-- \/module image -->        <\/div>\n                    <div  data-lazy=\"1\" class=\"module_column sub_column col4-1 tb_cy51319\">\n                    <!-- module image -->\n<div  class=\"module module-image tb_rpdv319 image-center circle  tf_mw\" data-lazy=\"1\">\n        <div class=\"image-wrap tf_rel tf_mw\">\n            <a href=\"https:\/\/videolance.it\/video-services\/?lang=fr#evenements\">\n                   <img loading=\"lazy\" decoding=\"async\" src=\"http:\/\/videolance.it\/wp-content\/uploads\/2020\/08\/5-eventi.png\" width=\"100\" height=\"100\" title=\"\u00c9V\u00c8NEMENTS\" alt=\"\u00c9V\u00c8NEMENTS\">        <\/a>\n    \n        <\/div>\n    <!-- \/image-wrap -->\n    \n        <div class=\"image-content\">\n                    <h3 class=\"image-title\">\n                                    <a href=\"https:\/\/videolance.it\/video-services\/?lang=fr#evenements\">\n                        \u00c9V\u00c8NEMENTS                    <\/a>\n                            <\/h3>\n                    <\/div>\n    <!-- \/image-content -->\n        <\/div>\n<!-- \/module image -->        <\/div>\n                    <div  data-lazy=\"1\" class=\"module_column sub_column col4-1 tb_1c6o319 last\">\n                    <!-- module image -->\n<div  class=\"module module-image tb_tte1319 image-center circle  tf_mw\" data-lazy=\"1\">\n        <div class=\"image-wrap tf_rel tf_mw\">\n            <a href=\"https:\/\/videolance.it\/video-services\/?lang=fr#web-fr\">\n                   <img loading=\"lazy\" decoding=\"async\" src=\"http:\/\/videolance.it\/wp-content\/uploads\/2020\/08\/8-.png\" width=\"100\" height=\"100\" title=\"WEB-SEO-SOCIAL\" alt=\"WEB-SEO-SOCIAL\">        <\/a>\n    \n        <\/div>\n    <!-- \/image-wrap -->\n    \n        <div class=\"image-content\">\n                    <h3 class=\"image-title\">\n                                    <a href=\"https:\/\/videolance.it\/video-services\/?lang=fr#web-fr\">\n                        WEB-SEO-SOCIAL                    <\/a>\n                            <\/h3>\n                    <\/div>\n    <!-- \/image-content -->\n        <\/div>\n<!-- \/module image -->        <\/div>\n                    <\/div>\n                <\/div>\n                        <\/div>\n        <\/div>\n        <\/div>\n<!--\/themify_builder_content-->\n\n\n<p><\/p>","protected":false},"excerpt":{"rendered":"","protected":false},"author":1,"featured_media":0,"parent":0,"menu_order":0,"comment_status":"closed","ping_status":"closed","template":"","meta":{"footnotes":""},"class_list":["post-9357","page","type-page","status-publish","hentry","has-post-title","has-post-date","has-post-category","has-post-tag","has-post-comment","has-post-author",""],"builder_content":"<h2 style=\"text-align: center;\">\u00c9QUIPE<\/h2>\n<p style=\"text-align: center;\">\u00c9QUIPE<\/p>\n<img src=\"http:\/\/videolance.it\/wp-content\/uploads\/2020\/09\/RiccardoProfilo2.png\" width=\"1000\" height=\"1000\" title=\"Equipe\" alt=\"Equipe\">\n<h2>Riccardo Lancialonga<\/h2> <h3>R\u00e9alisateur - Monteur - Coloriste<\/h3> <p>Directeur artistique et fondateur de Videolance depuis 2011. Il dirige le d\u00e9partement de r\u00e9alisation et \u00e9clairage, et coordonne \u00e9galement les phases de post-production. Il est sp\u00e9cialis\u00e9 dans le montage et l'\u00e9talonnage des couleurs pour le cin\u00e9ma et l\u2019audiovisuel.<\/p>\n<img src=\"http:\/\/videolance.it\/wp-content\/uploads\/2020\/09\/Dario-Alesiani.jpg\" width=\"866\" height=\"866\" title=\"Equipe\" alt=\"Equipe\">\n<h2>Dario Alesiani<\/h2> <h3>Chef de projet - Compositeur - Ing\u00e9nieur du son<\/h3> <p>Ing\u00e9nieur du son et musicien multi-instrumentiste fort de 15 ans d'exp\u00e9rience dans le secteur audiovisuel pour le cin\u00e9ma, la radio et la t\u00e9l\u00e9vision. Il s\u2019occupe pour Videolance de la prise de son directe, de la post-production audio et du studio d'enregistrement.<\/p>\n<img src=\"http:\/\/videolance.it\/wp-content\/uploads\/2020\/09\/RiccardoProfilo2.png\" width=\"1000\" height=\"1000\" title=\"Equipe\" alt=\"Equipe\">\n<h2>Riccardo Lancialonga<\/h2> <h3>R\u00e9alisateur - Monteur - Coloriste<\/h3> <p>Directeur artistique et fondateur de Videolance depuis 2011. Il dirige le d\u00e9partement de r\u00e9alisation et \u00e9clairage, et coordonne \u00e9galement les phases de post-production. Il est sp\u00e9cialis\u00e9 dans le montage et l'\u00e9talonnage des couleurs pour le cin\u00e9ma et l\u2019audiovisuel.<\/p>\n<img src=\"http:\/\/videolance.it\/wp-content\/uploads\/2020\/09\/Dario-Alesiani.jpg\" width=\"866\" height=\"866\" title=\"Equipe\" alt=\"Equipe\">\n<h2>Dario Alesiani<\/h2> <h3>Chef de projet - Compositeur - Ing\u00e9nieur du son<\/h3> <p>Ing\u00e9nieur du son et musicien multi-instrumentiste fort de 15 ans d'exp\u00e9rience dans le secteur audiovisuel pour le cin\u00e9ma, la radio et la t\u00e9l\u00e9vision. Il s\u2019occupe pour Videolance de la prise de son directe, de la post-production audio et du studio d'enregistrement. <\/p>\n<a href=\"https:\/\/videolance.it\/video-services\/?lang=fr#production\"> <img src=\"http:\/\/videolance.it\/wp-content\/uploads\/2020\/08\/1-ProduzioniVideo.png\" width=\"100\" height=\"100\" title=\"PRODUCTION VID\u00c9O\" alt=\"PRODUCTION VID\u00c9O\"> <\/a> <h3> <a href=\"https:\/\/videolance.it\/video-services\/?lang=fr#production\"> PRODUCTION VID\u00c9O <\/a> <\/h3>\n<a href=\"https:\/\/videolance.it\/video-services\/?lang=fr#post-production\"> <img src=\"http:\/\/videolance.it\/wp-content\/uploads\/2020\/08\/2-Post-Produzione.png\" width=\"100\" height=\"100\" title=\"POST-PRODUCTION\" alt=\"POST-PRODUCTION\"> <\/a> <h3> <a href=\"https:\/\/videolance.it\/video-services\/?lang=fr#post-production\"> POST-PRODUCTION <\/a> <\/h3>\n<a href=\"https:\/\/videolance.it\/video-services\/?lang=fr#photographie\"> <img src=\"http:\/\/videolance.it\/wp-content\/uploads\/2020\/08\/3-fotografia.png\" width=\"100\" height=\"100\" title=\"PHOTOGRAPHIE\" alt=\"PHOTOGRAPHIE\"> <\/a> <h3> <a href=\"https:\/\/videolance.it\/video-services\/?lang=fr#photographie\"> PHOTOGRAPHIE <\/a> <\/h3>\n<a href=\"https:\/\/videolance.it\/video-services\/?lang=fr#publicite\"> <img src=\"http:\/\/videolance.it\/wp-content\/uploads\/2020\/08\/4-pubblicita.png\" width=\"100\" height=\"100\" title=\"PUBLICIT\u00c9\" alt=\"PUBLICIT\u00c9\"> <\/a> <h3> <a href=\"https:\/\/videolance.it\/video-services\/?lang=fr#publicite\"> PUBLICIT\u00c9 <\/a> <\/h3>\n<a href=\"https:\/\/videolance.it\/video-services\/?lang=fr#modelisation\"> <img src=\"http:\/\/videolance.it\/wp-content\/uploads\/2021\/03\/9-3d.png\" width=\"100\" height=\"100\" title=\"MOD\u00c9LISATION ET RENDU 3D\" alt=\"MOD\u00c9LISATION ET RENDU 3D\"> <\/a> <h3> <a href=\"https:\/\/videolance.it\/video-services\/?lang=fr#modelisation\"> MOD\u00c9LISATION ET RENDU 3D <\/a> <\/h3>\n<a href=\"https:\/\/videolance.it\/video-services\/?lang=fr#son\"> <img src=\"http:\/\/videolance.it\/wp-content\/uploads\/2020\/08\/7-audio.png\" width=\"100\" height=\"100\" title=\"ING\u00c9NIERIE DU SON\" alt=\"ING\u00c9NIERIE DU SON\"> <\/a> <h3> <a href=\"https:\/\/videolance.it\/video-services\/?lang=fr#son\"> ING\u00c9NIERIE DU SON <\/a> <\/h3>\n<a href=\"https:\/\/videolance.it\/video-services\/?lang=fr#evenements\"> <img src=\"http:\/\/videolance.it\/wp-content\/uploads\/2020\/08\/5-eventi.png\" width=\"100\" height=\"100\" title=\"\u00c9V\u00c8NEMENTS\" alt=\"\u00c9V\u00c8NEMENTS\"> <\/a> <h3> <a href=\"https:\/\/videolance.it\/video-services\/?lang=fr#evenements\"> \u00c9V\u00c8NEMENTS <\/a> <\/h3>\n<a href=\"https:\/\/videolance.it\/video-services\/?lang=fr#web-fr\"> <img src=\"http:\/\/videolance.it\/wp-content\/uploads\/2020\/08\/8-.png\" width=\"100\" height=\"100\" title=\"WEB-SEO-SOCIAL\" alt=\"WEB-SEO-SOCIAL\"> <\/a> <h3> <a href=\"https:\/\/videolance.it\/video-services\/?lang=fr#web-fr\"> WEB-SEO-SOCIAL <\/a> <\/h3>","_links":{"self":[{"href":"https:\/\/videolance.it\/fr\/wp-json\/wp\/v2\/pages\/9357","targetHints":{"allow":["GET"]}}],"collection":[{"href":"https:\/\/videolance.it\/fr\/wp-json\/wp\/v2\/pages"}],"about":[{"href":"https:\/\/videolance.it\/fr\/wp-json\/wp\/v2\/types\/page"}],"author":[{"embeddable":true,"href":"https:\/\/videolance.it\/fr\/wp-json\/wp\/v2\/users\/1"}],"replies":[{"embeddable":true,"href":"https:\/\/videolance.it\/fr\/wp-json\/wp\/v2\/comments?post=9357"}],"version-history":[{"count":14,"href":"https:\/\/videolance.it\/fr\/wp-json\/wp\/v2\/pages\/9357\/revisions"}],"predecessor-version":[{"id":10133,"href":"https:\/\/videolance.it\/fr\/wp-json\/wp\/v2\/pages\/9357\/revisions\/10133"}],"wp:attachment":[{"href":"https:\/\/videolance.it\/fr\/wp-json\/wp\/v2\/media?parent=9357"}],"curies":[{"name":"wp","href":"https:\/\/api.w.org\/{rel}","templated":true}]}}